{"id":7,"date":"2024-03-04T17:32:36","date_gmt":"2024-03-04T17:32:36","guid":{"rendered":"https:\/\/fakomfort.hu\/wordpress\/?page_id=7"},"modified":"2025-04-28T15:01:30","modified_gmt":"2025-04-28T14:01:30","slug":"bemutatkozas","status":"publish","type":"page","link":"https:\/\/fakomfort.hu\/wordpress\/","title":{"rendered":"Bemutatkoz\u00e1s"},"content":{"rendered":"<div class=\"wp-block-image\">\n<figure class=\"alignleft size-full is-resized\"><img loading=\"lazy\" decoding=\"async\" width=\"410\" height=\"429\" src=\"https:\/\/fakomfort.hu\/wordpress\/wp-content\/uploads\/2024\/03\/image.png\" alt=\"\" class=\"wp-image-32\" style=\"width:154px;height:auto\" srcset=\"https:\/\/fakomfort.hu\/wordpress\/wp-content\/uploads\/2024\/03\/image.png 410w, https:\/\/fakomfort.hu\/wordpress\/wp-content\/uploads\/2024\/03\/image-287x300.png 287w, https:\/\/fakomfort.hu\/wordpress\/wp-content\/uploads\/2024\/03\/image-57x60.png 57w\" sizes=\"auto, (max-width: 410px) 100vw, 410px\" \/><\/figure>\n<\/div>\n\n\n<p class=\"has-text-align-left\">C\u00e9g\u00fcnk k\u00f6zel 20 \u00e9ve m\u0171k\u00f6dik a b\u00fatoriparban.<strong><br>Faipari,<br>b\u00fatoripari,<br>asztalosipari,<br><\/strong>bels\u0151\u00e9p\u00edt\u00e9szeti munk\u00e1kkal foglalkozunk.<\/p>\n\n\n\n<p><\/p>\n\n\n\n<h2 class=\"wp-block-heading\"><strong>Referenci\u00e1k<\/strong><\/h2>\n\n\n<div class=\"wp-block-image\">\n<figure class=\"alignleft size-full is-resized\"><img loading=\"lazy\" decoding=\"async\" width=\"410\" height=\"429\" src=\"https:\/\/fakomfort.hu\/wordpress\/wp-content\/uploads\/2024\/03\/image-1.png\" alt=\"\" class=\"wp-image-34\" style=\"width:149px;height:auto\" srcset=\"https:\/\/fakomfort.hu\/wordpress\/wp-content\/uploads\/2024\/03\/image-1.png 410w, https:\/\/fakomfort.hu\/wordpress\/wp-content\/uploads\/2024\/03\/image-1-287x300.png 287w, https:\/\/fakomfort.hu\/wordpress\/wp-content\/uploads\/2024\/03\/image-1-57x60.png 57w\" sizes=\"auto, (max-width: 410px) 100vw, 410px\" \/><\/figure>\n<\/div>\n\n\n<p>Igyeksz\u00fcnk az \u00fcgyfeleink minden ig\u00e9ny\u00e9t a legmagasabb sz\u00ednvonalon kiel\u00e9g\u00edteni.<br>Sz\u00e1mtalan sikeresen elv\u00e9gzett munk\u00e1val c\u00e9g\u00fcnk m\u00e1r bizony\u00edtott! K\u00f6sz\u00f6nj\u00fck, hogy \u00e9rdekl\u0151d\u00e9s\u00e9vel megtisztelt benn\u00fcnket!<\/p>\n\n\n\n<p><\/p>\n\n\n\n<h2 class=\"wp-block-heading\"><strong>Technol\u00f3gia<\/strong><\/h2>\n\n\n<div class=\"wp-block-image\">\n<figure class=\"alignleft size-full is-resized\"><img loading=\"lazy\" decoding=\"async\" width=\"410\" height=\"429\" src=\"https:\/\/fakomfort.hu\/wordpress\/wp-content\/uploads\/2024\/03\/image-3.png\" alt=\"\" class=\"wp-image-36\" style=\"width:141px;height:auto\" srcset=\"https:\/\/fakomfort.hu\/wordpress\/wp-content\/uploads\/2024\/03\/image-3.png 410w, https:\/\/fakomfort.hu\/wordpress\/wp-content\/uploads\/2024\/03\/image-3-287x300.png 287w, https:\/\/fakomfort.hu\/wordpress\/wp-content\/uploads\/2024\/03\/image-3-57x60.png 57w\" sizes=\"auto, (max-width: 410px) 100vw, 410px\" \/><\/figure>\n<\/div>\n\n\n<p>Munk\u00e1nk sor\u00e1n a kor legmagasabb ig\u00e9nyeinek megfelel\u0151 technikai sz\u00ednvonalat ny\u00fajtjuk. A legmodernebb anyagokkal \u00e9s technol\u00f3gi\u00e1kkal dolgozunk,  azokat sz\u00fcks\u00e9g szerint \u00f6tv\u00f6zz\u00fck a hagyom\u00e1nyos elj\u00e1r\u00e1sokkal.<\/p>\n","protected":false},"excerpt":{"rendered":"<p>C\u00e9g\u00fcnk k\u00f6zel 20 \u00e9ve m\u0171k\u00f6dik a b\u00fatoriparban.Faipari,b\u00fatoripari,asztalosipari,bels\u0151\u00e9p\u00edt\u00e9szeti munk\u00e1kkal foglalkozunk. Referenci\u00e1k Igyeksz\u00fcnk az \u00fcgyfeleink minden ig\u00e9ny\u00e9t a legmagasabb sz\u00ednvonalon kiel\u00e9g\u00edteni.Sz\u00e1mtalan sikeresen elv\u00e9gzett munk\u00e1val c\u00e9g\u00fcnk m\u00e1r bizony\u00edtott! K\u00f6sz\u00f6nj\u00fck, hogy \u00e9rdekl\u0151d\u00e9s\u00e9vel megtisztelt benn\u00fcnket! Technol\u00f3gia Munk\u00e1nk sor\u00e1n a kor legmagasabb ig\u00e9nyeinek megfelel\u0151 technikai sz\u00ednvonalat ny\u00fajtjuk. A legmodernebb anyagokkal \u00e9s technol\u00f3gi\u00e1kkal dolgozunk, azokat sz\u00fcks\u00e9g szerint \u00f6tv\u00f6zz\u00fck a hagyom\u00e1nyos elj\u00e1r\u00e1sokkal.<\/p>\n","protected":false},"author":1,"featured_media":0,"parent":0,"menu_order":0,"comment_status":"closed","ping_status":"closed","template":"","meta":{"ngg_post_thumbnail":0,"footnotes":""},"class_list":["post-7","page","type-page","status-publish","hentry"],"_links":{"self":[{"href":"https:\/\/fakomfort.hu\/wordpress\/wp-json\/wp\/v2\/pages\/7","targetHints":{"allow":["GET"]}}],"collection":[{"href":"https:\/\/fakomfort.hu\/wordpress\/wp-json\/wp\/v2\/pages"}],"about":[{"href":"https:\/\/fakomfort.hu\/wordpress\/wp-json\/wp\/v2\/types\/page"}],"author":[{"embeddable":true,"href":"https:\/\/fakomfort.hu\/wordpress\/wp-json\/wp\/v2\/users\/1"}],"replies":[{"embeddable":true,"href":"https:\/\/fakomfort.hu\/wordpress\/wp-json\/wp\/v2\/comments?post=7"}],"version-history":[{"count":5,"href":"https:\/\/fakomfort.hu\/wordpress\/wp-json\/wp\/v2\/pages\/7\/revisions"}],"predecessor-version":[{"id":359,"href":"https:\/\/fakomfort.hu\/wordpress\/wp-json\/wp\/v2\/pages\/7\/revisions\/359"}],"wp:attachment":[{"href":"https:\/\/fakomfort.hu\/wordpress\/wp-json\/wp\/v2\/media?parent=7"}],"curies":[{"name":"wp","href":"https:\/\/api.w.org\/{rel}","templated":true}]}}