{"id":43,"date":"2024-03-08T20:00:38","date_gmt":"2024-03-08T20:00:38","guid":{"rendered":"https:\/\/fakomfort.hu\/wordpress\/?page_id=43"},"modified":"2024-03-14T14:42:13","modified_gmt":"2024-03-14T13:42:13","slug":"kapcsolat","status":"publish","type":"page","link":"https:\/\/fakomfort.hu\/wordpress\/kapcsolat\/","title":{"rendered":"Kapcsolat"},"content":{"rendered":"\n<h2 class=\"wp-block-heading\"><strong>A telephely\u00fcnk c\u00edme \u00e9s el\u00e9rhet\u0151s\u00e9gei:<\/strong>&nbsp;<\/h2>\n\n\n\n<div class=\"wp-block-group is-vertical is-layout-flex wp-container-core-group-is-layout-8cf370e7 wp-block-group-is-layout-flex\">\n<p>Vecs\u00e9s<\/p>\n\n\n\n<p>&nbsp;V\u00f6r\u00f6smarty utca 21.<\/p>\n\n\n\n<p>&nbsp;+36 30 9 606 377<\/p>\n\n\n\n<p>&nbsp;fakomfort@gmail.com<\/p>\n<\/div>\n\n\n\n<figure class=\"wp-block-image size-large\"><img loading=\"lazy\" decoding=\"async\" width=\"1024\" height=\"311\" src=\"https:\/\/fakomfort.hu\/wordpress\/wp-content\/uploads\/2024\/03\/terkep-1024x311.jpg\" alt=\"\" class=\"wp-image-53\" srcset=\"https:\/\/fakomfort.hu\/wordpress\/wp-content\/uploads\/2024\/03\/terkep-1024x311.jpg 1024w, https:\/\/fakomfort.hu\/wordpress\/wp-content\/uploads\/2024\/03\/terkep-300x91.jpg 300w, https:\/\/fakomfort.hu\/wordpress\/wp-content\/uploads\/2024\/03\/terkep-768x234.jpg 768w, https:\/\/fakomfort.hu\/wordpress\/wp-content\/uploads\/2024\/03\/terkep-1536x467.jpg 1536w, https:\/\/fakomfort.hu\/wordpress\/wp-content\/uploads\/2024\/03\/terkep-197x60.jpg 197w, https:\/\/fakomfort.hu\/wordpress\/wp-content\/uploads\/2024\/03\/terkep.jpg 1914w\" sizes=\"auto, (max-width: 706px) 89vw, (max-width: 767px) 82vw, 740px\" \/><\/figure>\n","protected":false},"excerpt":{"rendered":"<p>A telephely\u00fcnk c\u00edme \u00e9s el\u00e9rhet\u0151s\u00e9gei:&nbsp; Vecs\u00e9s &nbsp;V\u00f6r\u00f6smarty utca 21. &nbsp;+36 30 9 606 377 &nbsp;fakomfort@gmail.com<\/p>\n","protected":false},"author":1,"featured_media":0,"parent":0,"menu_order":0,"comment_status":"closed","ping_status":"closed","template":"","meta":{"ngg_post_thumbnail":0,"footnotes":""},"class_list":["post-43","page","type-page","status-publish","hentry"],"_links":{"self":[{"href":"https:\/\/fakomfort.hu\/wordpress\/wp-json\/wp\/v2\/pages\/43","targetHints":{"allow":["GET"]}}],"collection":[{"href":"https:\/\/fakomfort.hu\/wordpress\/wp-json\/wp\/v2\/pages"}],"about":[{"href":"https:\/\/fakomfort.hu\/wordpress\/wp-json\/wp\/v2\/types\/page"}],"author":[{"embeddable":true,"href":"https:\/\/fakomfort.hu\/wordpress\/wp-json\/wp\/v2\/users\/1"}],"replies":[{"embeddable":true,"href":"https:\/\/fakomfort.hu\/wordpress\/wp-json\/wp\/v2\/comments?post=43"}],"version-history":[{"count":7,"href":"https:\/\/fakomfort.hu\/wordpress\/wp-json\/wp\/v2\/pages\/43\/revisions"}],"predecessor-version":[{"id":312,"href":"https:\/\/fakomfort.hu\/wordpress\/wp-json\/wp\/v2\/pages\/43\/revisions\/312"}],"wp:attachment":[{"href":"https:\/\/fakomfort.hu\/wordpress\/wp-json\/wp\/v2\/media?parent=43"}],"curies":[{"name":"wp","href":"https:\/\/api.w.org\/{rel}","templated":true}]}}