{"id":327,"date":"2024-07-17T09:52:00","date_gmt":"2024-07-17T08:52:00","guid":{"rendered":"https:\/\/fakomfort.hu\/wordpress\/?page_id=327"},"modified":"2024-07-17T12:49:08","modified_gmt":"2024-07-17T11:49:08","slug":"galeria","status":"publish","type":"page","link":"https:\/\/fakomfort.hu\/wordpress\/galeria\/","title":{"rendered":"Gal\u00e9ria"},"content":{"rendered":"\n<p>Referencia munk\u00e1k kateg\u00f3ri\u00e1nk\u00e9nt.<\/p>\n\n\n<ul>\n<li><a href=\"https:\/\/fakomfort.hu\/wordpress\/konyhabutorok\/\">Konyhab\u00fatorok<\/a><\/li>\n<li><a href=\"https:\/\/fakomfort.hu\/wordpress\/furdoszoba-butorok\">F\u00fcrd\u0151szoba b\u00fatorok<\/a><\/li>\n<li><a href=\"https:\/\/fakomfort.hu\/wordpress\/beepitett-butorok\/\">Be\u00e9p\u00edtett b\u00fatorok<\/a><\/li>\n<li><a href=\"https:\/\/fakomfort.hu\/wordpress\/agyak\/\">\u00c1gyak<\/a><\/li>\n<li><a href=\"https:\/\/fakomfort.hu\/wordpress\/asztalok-kiegeszitok\/\">Asztalok, kieg\u00e9sz\u00edt\u0151k<\/a><\/li>\n<li><a href=\"https:\/\/fakomfort.hu\/wordpress\/lepcsok\/\">L\u00e9pcs\u0151k<\/a><\/li>\n<li><a href=\"https:\/\/fakomfort.hu\/wordpress\/teljes-kivitelezes-projektmunkak\/\">Teljes kivitelez\u00e9s, projektmunk\u00e1k<\/a><\/li>\n<li><a href=\"https:\/\/fakomfort.hu\/wordpress\/egyedi-nyilaszarok\">Egyedi ny\u00edl\u00e1sz\u00e1rok<\/a><\/li>\n<li><a href=\"https:\/\/fakomfort.hu\/wordpress\/kulteri-faipari-munkak\/\">K\u00fclt\u00e9ri faipari munk\u00e1k\/<\/a><\/li>\n<\/ul>","protected":false},"excerpt":{"rendered":"<p>Referencia munk\u00e1k kateg\u00f3ri\u00e1nk\u00e9nt. Konyhab\u00fatorok F\u00fcrd\u0151szoba b\u00fatorok Be\u00e9p\u00edtett b\u00fatorok \u00c1gyak Asztalok, kieg\u00e9sz\u00edt\u0151k L\u00e9pcs\u0151k Teljes kivitelez\u00e9s, projektmunk\u00e1k Egyedi ny\u00edl\u00e1sz\u00e1rok K\u00fclt\u00e9ri faipari munk\u00e1k\/<\/p>\n","protected":false},"author":1,"featured_media":0,"parent":0,"menu_order":0,"comment_status":"closed","ping_status":"closed","template":"","meta":{"ngg_post_thumbnail":0,"footnotes":""},"class_list":["post-327","page","type-page","status-publish","hentry"],"_links":{"self":[{"href":"https:\/\/fakomfort.hu\/wordpress\/wp-json\/wp\/v2\/pages\/327","targetHints":{"allow":["GET"]}}],"collection":[{"href":"https:\/\/fakomfort.hu\/wordpress\/wp-json\/wp\/v2\/pages"}],"about":[{"href":"https:\/\/fakomfort.hu\/wordpress\/wp-json\/wp\/v2\/types\/page"}],"author":[{"embeddable":true,"href":"https:\/\/fakomfort.hu\/wordpress\/wp-json\/wp\/v2\/users\/1"}],"replies":[{"embeddable":true,"href":"https:\/\/fakomfort.hu\/wordpress\/wp-json\/wp\/v2\/comments?post=327"}],"version-history":[{"count":5,"href":"https:\/\/fakomfort.hu\/wordpress\/wp-json\/wp\/v2\/pages\/327\/revisions"}],"predecessor-version":[{"id":333,"href":"https:\/\/fakomfort.hu\/wordpress\/wp-json\/wp\/v2\/pages\/327\/revisions\/333"}],"wp:attachment":[{"href":"https:\/\/fakomfort.hu\/wordpress\/wp-json\/wp\/v2\/media?parent=327"}],"curies":[{"name":"wp","href":"https:\/\/api.w.org\/{rel}","templated":true}]}}