{"id":12,"date":"2024-03-04T17:36:07","date_gmt":"2024-03-04T17:36:07","guid":{"rendered":"https:\/\/fakomfort.hu\/wordpress\/?page_id=12"},"modified":"2025-04-28T15:05:48","modified_gmt":"2025-04-28T14:05:48","slug":"ezekben-otthon-vagyunk","status":"publish","type":"page","link":"https:\/\/fakomfort.hu\/wordpress\/ezekben-otthon-vagyunk\/","title":{"rendered":"Portf\u00f3li\u00f3"},"content":{"rendered":"\n<h3 class=\"wp-block-heading\">K\u00edv\u00fcl:<\/h3>\n\n\n\n<ul class=\"wp-block-list\">\n<li>El\u0151tet\u0151k<\/li>\n\n\n\n<li>Ny\u00edl\u00e1sz\u00e1r\u00f3k<\/li>\n\n\n\n<li>T\u00e9likertek<\/li>\n\n\n\n<li>K\u00fclt\u00e9ri l\u00e9pcs\u0151k<\/li>\n<\/ul>\n\n\n\n<p><\/p>\n\n\n\n<h3 class=\"wp-block-heading\">Bel\u00fcl:<\/h3>\n\n\n\n<ul class=\"wp-block-list\">\n<li>Konyhab\u00fatorok<\/li>\n<\/ul>\n\n\n\n<ul class=\"wp-block-list\">\n<li><strong>T\u00f6m\u00f6rfa frontok<\/strong>: Az \u00e9l\u0151 anyag tapint\u00e1sa \u00e9s hangulata ut\u00e1nozhatatlan. A legjobb v\u00e1laszt\u00e1s a tart\u00f3s \u00e9s exkluz\u00edv kivitel\u0171 ajt\u00f3fel\u00fcletekhez. Jellemz\u0151en a bet\u00e9tes keretes szerkezet\u0171 (sima v. \u00edvelt) vagy \u00fcveges bels\u0151vel k\u00e9sz\u00fclt lapok k\u00e9sz\u00edthet\u0151ek.<\/li>\n\n\n\n<li><strong>V\u00e1kuumf\u00f3li\u00e1zott frontok<\/strong>: A modern anyagok kombin\u00e1ci\u00f3j\u00e1nak jellemz\u0151 p\u00e9ld\u00e1ja az v\u00e1kuum technol\u00f3gi\u00e1val k\u00e9sz\u00fclt ajt\u00f3lapok. A homog\u00e9n \u00e9s er\u0151s alapb\u00f3l kimart mint\u00e1ra egy massz\u00edv m\u0171anyag fel\u00fcletet visznek fel. A mint\u00e1k \u00e9s sz\u00ednek lehet\u0151s\u00e9ge szinte korl\u00e1tlan. Ak\u00e1r teljesen h\u0171en ut\u00e1nozhatja a val\u00f3di fa kin\u00e9zet\u00e9t. A legjobb v\u00e1laszt\u00e1s egyedi modern mint\u00e1zat\u00fa fel\u00fcletek kialak\u00edt\u00e1s\u00e1hoz.<\/li>\n\n\n\n<li><strong>B\u00fatorlap frontok<\/strong>: A b\u00fatorlapok t\u00f6meges megjelen\u00e9se lehet\u0151v\u00e9 teszi, hogy viszonylag olcs\u00f3n ig\u00e9nyes fel\u00fcleteket alak\u00edthassunk ki. Az egyedi sz\u00edn \u00e9s fel\u00fcletkialak\u00edt\u00e1sok extra fel\u00fcletek pl. gyermekszob\u00e1k ter\u00e9nek kialak\u00edt\u00e1s\u00e1hoz teszik lehet\u0151v\u00e9.<\/li>\n\n\n\n<li><strong>Alu \u00fcveg kombin\u00e1ci\u00f3k<\/strong>: Ezek fel\u00fcletek b\u00e1rhol meg\u00e1llj\u00e1k a hely\u00fcket, ahol a f\u00e9m \u00e9s az \u00fcveg csillog\u00e1s\u00e1t szeretn\u00e9nk viszontl\u00e1tni. Ak\u00e1r konyh\u00e1k vagy be\u00e9p\u00edtett szekr\u00e9nyekhez aj\u00e1nljuk.<\/li>\n\n\n\n<li><strong>Fest\u00e9ksz\u00f3r\u00e1ssal festett fel\u00fcletek<\/strong>: Ezen fel\u00fcletek hasonl\u00edtanak a f\u00f3li\u00e1zott fel\u00fcletekre. Az alap ugyanaz viszont a fel\u00fcletre t\u00f6bb r\u00e9teg\u0171 magas min\u0151s\u00e9g\u0171 fest\u00e9k ker\u00fcl. A form\u00e1k v\u00e1ltozatoss\u00e1ga itt is adott.<\/li>\n<\/ul>\n\n\n\n<p><\/p>\n\n\n\n<ul class=\"wp-block-list\">\n<li>Egyedi b\u00fatorok<\/li>\n\n\n\n<li>Be\u00e9p\u00edtett szekr\u00e9nyek<\/li>\n\n\n\n<li>T\u00f6m\u00f6rfa l\u00e9pcs\u0151k<\/li>\n\n\n\n<li>F\u00fcrd\u0151szob\u00e1k berendez\u00e9se<\/li>\n\n\n\n<li>Teljes bels\u0151 terek, bels\u0151\u00e9p\u00edt\u00e9szet<\/li>\n<\/ul>\n\n\n\n<p><\/p>\n\n\n\n<p><\/p>\n","protected":false},"excerpt":{"rendered":"<p>K\u00edv\u00fcl: Bel\u00fcl:<\/p>\n","protected":false},"author":1,"featured_media":0,"parent":0,"menu_order":0,"comment_status":"closed","ping_status":"closed","template":"","meta":{"ngg_post_thumbnail":0,"footnotes":""},"class_list":["post-12","page","type-page","status-publish","hentry"],"_links":{"self":[{"href":"https:\/\/fakomfort.hu\/wordpress\/wp-json\/wp\/v2\/pages\/12","targetHints":{"allow":["GET"]}}],"collection":[{"href":"https:\/\/fakomfort.hu\/wordpress\/wp-json\/wp\/v2\/pages"}],"about":[{"href":"https:\/\/fakomfort.hu\/wordpress\/wp-json\/wp\/v2\/types\/page"}],"author":[{"embeddable":true,"href":"https:\/\/fakomfort.hu\/wordpress\/wp-json\/wp\/v2\/users\/1"}],"replies":[{"embeddable":true,"href":"https:\/\/fakomfort.hu\/wordpress\/wp-json\/wp\/v2\/comments?post=12"}],"version-history":[{"count":6,"href":"https:\/\/fakomfort.hu\/wordpress\/wp-json\/wp\/v2\/pages\/12\/revisions"}],"predecessor-version":[{"id":360,"href":"https:\/\/fakomfort.hu\/wordpress\/wp-json\/wp\/v2\/pages\/12\/revisions\/360"}],"wp:attachment":[{"href":"https:\/\/fakomfort.hu\/wordpress\/wp-json\/wp\/v2\/media?parent=12"}],"curies":[{"name":"wp","href":"https:\/\/api.w.org\/{rel}","templated":true}]}}